{"id":10,"date":"2020-01-28T09:57:43","date_gmt":"2020-01-28T09:57:43","guid":{"rendered":"http:\/\/xn--bauen-lngerau-2ob.de\/?page_id=10"},"modified":"2020-02-05T10:54:17","modified_gmt":"2020-02-05T10:54:17","slug":"start","status":"publish","type":"page","link":"https:\/\/xn--bauen-lngerau-2ob.de\/","title":{"rendered":"Start"},"content":{"rendered":"\t\t<div data-elementor-type=\"wp-page\" data-elementor-id=\"10\" class=\"elementor elementor-10\">\n\t\t\t\t\t\t<section class=\"elementor-section elementor-top-section elementor-element elementor-element-b6d9b2d elementor-section-boxed elementor-section-height-default elementor-section-height-default\" data-id=\"b6d9b2d\" data-element_type=\"section\" data-e-type=\"section\">\n\t\t\t\t\t\t<div class=\"elementor-container elementor-column-gap-default\">\n\t\t\t\t\t<div class=\"elementor-column elementor-col-100 elementor-top-column elementor-element elementor-element-51fb8b0\" data-id=\"51fb8b0\" data-element_type=\"column\" data-e-type=\"column\">\n\t\t\t<div class=\"elementor-widget-wrap\">\n\t\t\t\t\t\t\t<\/div>\n\t\t<\/div>\n\t\t\t\t\t<\/div>\n\t\t<\/section>\n\t\t\t\t<section class=\"elementor-section elementor-top-section elementor-element elementor-element-75abfbc elementor-section-boxed elementor-section-height-default elementor-section-height-default\" data-id=\"75abfbc\" data-element_type=\"section\" data-e-type=\"section\">\n\t\t\t\t\t\t<div class=\"elementor-container elementor-column-gap-default\">\n\t\t\t\t\t<div class=\"elementor-column elementor-col-100 elementor-top-column elementor-element elementor-element-18e0d9f\" data-id=\"18e0d9f\" data-element_type=\"column\" data-e-type=\"column\">\n\t\t\t<div class=\"elementor-widget-wrap elementor-element-populated\">\n\t\t\t\t\t\t<div class=\"elementor-element elementor-element-be54c8e elementor-widget elementor-widget-text-editor\" data-id=\"be54c8e\" data-element_type=\"widget\" data-e-type=\"widget\" data-widget_type=\"text-editor.default\">\n\t\t\t\t<div class=\"elementor-widget-container\">\n\t\t\t\t\t\t\t\t\t<p>Die Gemeinde Lindewitt hat die Satzung zur Fl\u00e4che der \u201eAlten Gastst\u00e4tte L\u00fcngerau\u201c im Innenbereich der Ortslage neu beschlossen und somit in dem Plangebiet eine Bebauung erm\u00f6glicht.<br \/>Diese Fl\u00e4che wurde durch die V+V L\u00fcngerau GbR erworben, \u00fcberplant und bereits erschlossen.<br \/>Daraus ergeben sich die in der unteren Abbildung dargestellten Baugrundst\u00fccke zum Erwerb.<\/p>\t\t\t\t\t\t\t\t<\/div>\n\t\t\t\t<\/div>\n\t\t\t\t<div class=\"elementor-element elementor-element-24294b3 elementor-widget elementor-widget-image\" data-id=\"24294b3\" data-element_type=\"widget\" data-e-type=\"widget\" data-widget_type=\"image.default\">\n\t\t\t\t<div class=\"elementor-widget-container\">\n\t\t\t\t\t\t\t\t\t\t\t\t\t\t\t\t<a href=\"http:\/\/xn--bauen-lngerau-2ob.de\/wp-content\/uploads\/2020\/02\/Grundstueck.jpg\" data-elementor-open-lightbox=\"yes\" data-elementor-lightbox-title=\"Grundstueck\" data-e-action-hash=\"#elementor-action%3Aaction%3Dlightbox%26settings%3DeyJpZCI6NTgsInVybCI6Imh0dHBzOlwvXC94bi0tYmF1ZW4tbG5nZXJhdS0yb2IuZGVcL3dwLWNvbnRlbnRcL3VwbG9hZHNcLzIwMjBcLzAyXC9HcnVuZHN0dWVjay5qcGcifQ%3D%3D\">\n\t\t\t\t\t\t\t<img fetchpriority=\"high\" decoding=\"async\" width=\"1024\" height=\"436\" src=\"https:\/\/xn--bauen-lngerau-2ob.de\/wp-content\/uploads\/2020\/02\/Grundstueck-1024x436.jpg\" class=\"attachment-large size-large wp-image-58\" alt=\"\" srcset=\"https:\/\/xn--bauen-lngerau-2ob.de\/wp-content\/uploads\/2020\/02\/Grundstueck-1024x436.jpg 1024w, https:\/\/xn--bauen-lngerau-2ob.de\/wp-content\/uploads\/2020\/02\/Grundstueck-300x128.jpg 300w, https:\/\/xn--bauen-lngerau-2ob.de\/wp-content\/uploads\/2020\/02\/Grundstueck-768x327.jpg 768w, https:\/\/xn--bauen-lngerau-2ob.de\/wp-content\/uploads\/2020\/02\/Grundstueck-1536x655.jpg 1536w, https:\/\/xn--bauen-lngerau-2ob.de\/wp-content\/uploads\/2020\/02\/Grundstueck-2048x873.jpg 2048w\" sizes=\"(max-width: 1024px) 100vw, 1024px\" \/>\t\t\t\t\t\t\t\t<\/a>\n\t\t\t\t\t\t\t\t\t\t\t\t\t\t\t<\/div>\n\t\t\t\t<\/div>\n\t\t\t\t\t<\/div>\n\t\t<\/div>\n\t\t\t\t\t<\/div>\n\t\t<\/section>\n\t\t\t\t<section class=\"elementor-section elementor-top-section elementor-element elementor-element-2ca458b elementor-section-boxed elementor-section-height-default elementor-section-height-default\" data-id=\"2ca458b\" data-element_type=\"section\" data-e-type=\"section\">\n\t\t\t\t\t\t<div class=\"elementor-container elementor-column-gap-default\">\n\t\t\t\t\t<div class=\"elementor-column elementor-col-100 elementor-top-column elementor-element elementor-element-9c5a67e\" data-id=\"9c5a67e\" data-element_type=\"column\" data-e-type=\"column\">\n\t\t\t<div class=\"elementor-widget-wrap elementor-element-populated\">\n\t\t\t\t\t\t<div class=\"elementor-element elementor-element-cd219ff elementor-invisible elementor-widget elementor-widget-image\" data-id=\"cd219ff\" data-element_type=\"widget\" data-e-type=\"widget\" data-settings=\"{&quot;_animation&quot;:&quot;fadeIn&quot;}\" data-widget_type=\"image.default\">\n\t\t\t\t<div class=\"elementor-widget-container\">\n\t\t\t\t\t\t\t\t\t\t\t\t\t\t\t\t<a href=\"http:\/\/xn--bauen-lngerau-2ob.de\/wp-content\/uploads\/2020\/01\/Lageplan-Grundstuecke.png\" data-elementor-open-lightbox=\"yes\" data-elementor-lightbox-title=\"Lageplan-Grundstuecke\" data-elementor-lightbox-description=\"Daraus ergeben sich die in der unteren Abbildung dargestellten Baugrundst\u00fccke zum Erwerb\" data-e-action-hash=\"#elementor-action%3Aaction%3Dlightbox%26settings%3DeyJpZCI6MzQsInVybCI6Imh0dHBzOlwvXC94bi0tYmF1ZW4tbG5nZXJhdS0yb2IuZGVcL3dwLWNvbnRlbnRcL3VwbG9hZHNcLzIwMjBcLzAxXC9MYWdlcGxhbi1HcnVuZHN0dWVja2UucG5nIn0%3D\">\n\t\t\t\t\t\t\t<img decoding=\"async\" width=\"831\" height=\"1024\" src=\"https:\/\/xn--bauen-lngerau-2ob.de\/wp-content\/uploads\/2020\/01\/Lageplan-Grundstuecke-831x1024.png\" class=\"attachment-large size-large wp-image-34\" alt=\"Lageplan dr Grundst\u00fccke\" srcset=\"https:\/\/xn--bauen-lngerau-2ob.de\/wp-content\/uploads\/2020\/01\/Lageplan-Grundstuecke-831x1024.png 831w, https:\/\/xn--bauen-lngerau-2ob.de\/wp-content\/uploads\/2020\/01\/Lageplan-Grundstuecke-243x300.png 243w, https:\/\/xn--bauen-lngerau-2ob.de\/wp-content\/uploads\/2020\/01\/Lageplan-Grundstuecke-768x947.png 768w, https:\/\/xn--bauen-lngerau-2ob.de\/wp-content\/uploads\/2020\/01\/Lageplan-Grundstuecke.png 850w\" sizes=\"(max-width: 831px) 100vw, 831px\" \/>\t\t\t\t\t\t\t\t<\/a>\n\t\t\t\t\t\t\t\t\t\t\t\t\t\t\t<\/div>\n\t\t\t\t<\/div>\n\t\t\t\t\t<\/div>\n\t\t<\/div>\n\t\t\t\t\t<\/div>\n\t\t<\/section>\n\t\t\t\t<section class=\"elementor-section elementor-top-section elementor-element elementor-element-628b953 elementor-section-boxed elementor-section-height-default elementor-section-height-default\" data-id=\"628b953\" data-element_type=\"section\" data-e-type=\"section\">\n\t\t\t\t\t\t<div class=\"elementor-container elementor-column-gap-default\">\n\t\t\t\t\t<div class=\"elementor-column elementor-col-100 elementor-top-column elementor-element elementor-element-d091934\" data-id=\"d091934\" data-element_type=\"column\" data-e-type=\"column\">\n\t\t\t<div class=\"elementor-widget-wrap elementor-element-populated\">\n\t\t\t\t\t\t<div class=\"elementor-element elementor-element-35cdcd6 elementor-widget-divider--view-line elementor-widget elementor-widget-divider\" data-id=\"35cdcd6\" data-element_type=\"widget\" data-e-type=\"widget\" data-widget_type=\"divider.default\">\n\t\t\t\t<div class=\"elementor-widget-container\">\n\t\t\t\t\t\t\t<div class=\"elementor-divider\">\n\t\t\t<span class=\"elementor-divider-separator\">\n\t\t\t\t\t\t<\/span>\n\t\t<\/div>\n\t\t\t\t\t\t<\/div>\n\t\t\t\t<\/div>\n\t\t\t\t<div class=\"elementor-element elementor-element-487a997 elementor-widget elementor-widget-image\" data-id=\"487a997\" data-element_type=\"widget\" data-e-type=\"widget\" data-widget_type=\"image.default\">\n\t\t\t\t<div class=\"elementor-widget-container\">\n\t\t\t\t\t\t\t\t\t\t\t\t\t\t\t\t<a href=\"https:\/\/www.hausbau-gewerbebau.de\/\">\n\t\t\t\t\t\t\t<img decoding=\"async\" width=\"239\" height=\"170\" src=\"https:\/\/xn--bauen-lngerau-2ob.de\/wp-content\/uploads\/2020\/01\/zjp_logo_klein.png\" class=\"attachment-medium size-medium wp-image-35\" alt=\"\" \/>\t\t\t\t\t\t\t\t<\/a>\n\t\t\t\t\t\t\t\t\t\t\t\t\t\t\t<\/div>\n\t\t\t\t<\/div>\n\t\t\t\t\t<\/div>\n\t\t<\/div>\n\t\t\t\t\t<\/div>\n\t\t<\/section>\n\t\t\t\t<section class=\"elementor-section elementor-top-section elementor-element elementor-element-a329b8c elementor-section-boxed elementor-section-height-default elementor-section-height-default\" data-id=\"a329b8c\" data-element_type=\"section\" data-e-type=\"section\">\n\t\t\t\t\t\t<div class=\"elementor-container elementor-column-gap-default\">\n\t\t\t\t\t<div class=\"elementor-column elementor-col-100 elementor-top-column elementor-element elementor-element-375ac00\" data-id=\"375ac00\" data-element_type=\"column\" data-e-type=\"column\">\n\t\t\t<div class=\"elementor-widget-wrap elementor-element-populated\">\n\t\t\t\t\t\t<div class=\"elementor-element elementor-element-ce915f9 elementor-widget-divider--view-line elementor-widget elementor-widget-divider\" data-id=\"ce915f9\" data-element_type=\"widget\" data-e-type=\"widget\" data-widget_type=\"divider.default\">\n\t\t\t\t<div class=\"elementor-widget-container\">\n\t\t\t\t\t\t\t<div class=\"elementor-divider\">\n\t\t\t<span class=\"elementor-divider-separator\">\n\t\t\t\t\t\t<\/span>\n\t\t<\/div>\n\t\t\t\t\t\t<\/div>\n\t\t\t\t<\/div>\n\t\t\t\t\t<\/div>\n\t\t<\/div>\n\t\t\t\t\t<\/div>\n\t\t<\/section>\n\t\t\t\t<\/div>\n\t\t","protected":false},"excerpt":{"rendered":"<p>Die Gemeinde Lindewitt hat die Satzung zur Fl\u00e4che der \u201eAlten Gastst\u00e4tte L\u00fcngerau\u201c im Innenbereich der Ortslage neu beschlossen und somit in dem Plangebiet eine Bebauung erm\u00f6glicht. Diese Fl\u00e4che wurde durch die V+V L\u00fcngerau GbR erworben, \u00fcberplant und bereits erschlossen. Daraus ergeben sich die in der unteren Abbildung dargestellten Baugrundst\u00fccke zum Erwerb.<\/p>\n","protected":false},"author":1,"featured_media":0,"parent":0,"menu_order":0,"comment_status":"closed","ping_status":"closed","template":"","meta":{"ocean_post_layout":"","ocean_both_sidebars_style":"","ocean_both_sidebars_content_width":0,"ocean_both_sidebars_sidebars_width":0,"ocean_sidebar":"0","ocean_second_sidebar":"0","ocean_disable_margins":"enable","ocean_add_body_class":"","ocean_shortcode_before_top_bar":"","ocean_shortcode_after_top_bar":"","ocean_shortcode_before_header":"","ocean_shortcode_after_header":"","ocean_has_shortcode":"","ocean_shortcode_after_title":"","ocean_shortcode_before_footer_widgets":"","ocean_shortcode_after_footer_widgets":"","ocean_shortcode_before_footer_bottom":"","ocean_shortcode_after_footer_bottom":"","ocean_display_top_bar":"default","ocean_display_header":"default","ocean_header_style":"","ocean_center_header_left_menu":"0","ocean_custom_header_template":"0","ocean_custom_logo":0,"ocean_custom_retina_logo":0,"ocean_custom_logo_max_width":0,"ocean_custom_logo_tablet_max_width":0,"ocean_custom_logo_mobile_max_width":0,"ocean_custom_logo_max_height":0,"ocean_custom_logo_tablet_max_height":0,"ocean_custom_logo_mobile_max_height":0,"ocean_header_custom_menu":"0","ocean_menu_typo_font_family":"0","ocean_menu_typo_font_subset":"","ocean_menu_typo_font_size":0,"ocean_menu_typo_font_size_tablet":0,"ocean_menu_typo_font_size_mobile":0,"ocean_menu_typo_font_size_unit":"px","ocean_menu_typo_font_weight":"","ocean_menu_typo_font_weight_tablet":"","ocean_menu_typo_font_weight_mobile":"","ocean_menu_typo_transform":"","ocean_menu_typo_transform_tablet":"","ocean_menu_typo_transform_mobile":"","ocean_menu_typo_line_height":0,"ocean_menu_typo_line_height_tablet":0,"ocean_menu_typo_line_height_mobile":0,"ocean_menu_typo_line_height_unit":"","ocean_menu_typo_spacing":0,"ocean_menu_typo_spacing_tablet":0,"ocean_menu_typo_spacing_mobile":0,"ocean_menu_typo_spacing_unit":"","ocean_menu_link_color":"","ocean_menu_link_color_hover":"","ocean_menu_link_color_active":"","ocean_menu_link_background":"","ocean_menu_link_hover_background":"","ocean_menu_link_active_background":"","ocean_menu_social_links_bg":"","ocean_menu_social_hover_links_bg":"","ocean_menu_social_links_color":"","ocean_menu_social_hover_links_color":"","ocean_disable_title":"default","ocean_disable_heading":"default","ocean_post_title":"","ocean_post_subheading":"","ocean_post_title_style":"","ocean_post_title_background_color":"","ocean_post_title_background":0,"ocean_post_title_bg_image_position":"","ocean_post_title_bg_image_attachment":"","ocean_post_title_bg_image_repeat":"","ocean_post_title_bg_image_size":"","ocean_post_title_height":0,"ocean_post_title_bg_overlay":0.5,"ocean_post_title_bg_overlay_color":"","ocean_disable_breadcrumbs":"default","ocean_breadcrumbs_color":"","ocean_breadcrumbs_separator_color":"","ocean_breadcrumbs_links_color":"","ocean_breadcrumbs_links_hover_color":"","ocean_display_footer_widgets":"default","ocean_display_footer_bottom":"default","ocean_custom_footer_template":"0","footnotes":""},"class_list":["post-10","page","type-page","status-publish","hentry","entry"],"_links":{"self":[{"href":"https:\/\/xn--bauen-lngerau-2ob.de\/index.php?rest_route=\/wp\/v2\/pages\/10","targetHints":{"allow":["GET"]}}],"collection":[{"href":"https:\/\/xn--bauen-lngerau-2ob.de\/index.php?rest_route=\/wp\/v2\/pages"}],"about":[{"href":"https:\/\/xn--bauen-lngerau-2ob.de\/index.php?rest_route=\/wp\/v2\/types\/page"}],"author":[{"embeddable":true,"href":"https:\/\/xn--bauen-lngerau-2ob.de\/index.php?rest_route=\/wp\/v2\/users\/1"}],"replies":[{"embeddable":true,"href":"https:\/\/xn--bauen-lngerau-2ob.de\/index.php?rest_route=%2Fwp%2Fv2%2Fcomments&post=10"}],"version-history":[{"count":13,"href":"https:\/\/xn--bauen-lngerau-2ob.de\/index.php?rest_route=\/wp\/v2\/pages\/10\/revisions"}],"predecessor-version":[{"id":67,"href":"https:\/\/xn--bauen-lngerau-2ob.de\/index.php?rest_route=\/wp\/v2\/pages\/10\/revisions\/67"}],"wp:attachment":[{"href":"https:\/\/xn--bauen-lngerau-2ob.de\/index.php?rest_route=%2Fwp%2Fv2%2Fmedia&parent=10"}],"curies":[{"name":"wp","href":"https:\/\/api.w.org\/{rel}","templated":true}]}}